{"id":1021,"date":"2017-12-08T07:13:34","date_gmt":"2017-12-08T07:13:34","guid":{"rendered":"http:\/\/test.dieossis.com\/?page_id=1021"},"modified":"2025-08-26T07:55:17","modified_gmt":"2025-08-26T07:55:17","slug":"die-band","status":"publish","type":"page","link":"https:\/\/dieossis.com\/?page_id=1021","title":{"rendered":"\u00dcber uns"},"content":{"rendered":"<p><strong>DIE OSSIS sind:<\/strong><br \/>\nHeinz &#8222;Angel&#8220; Haberstroh <span style=\"font-size: 10pt;\">(Schlagzeug, Gesang)<\/span><br \/>\nAcki Noack &nbsp;<span style=\"font-size: 10pt;\">(Gesang, Gitarre)<br \/>\n<\/span>Bert Eulitz &nbsp;<span style=\"font-size: 10pt;\">(Bass, Gesang &amp; B\u00fcro)<\/span><br \/>\nThomas Glatzer <span style=\"font-size: 10pt;\">(Keyboards)<\/span><br \/>\nTill Paulmann &nbsp;<span style=\"font-size: 10pt;\">(Gitarre, Gesang)<br \/>\n<\/span><\/p>\n<p><strong>Manchmal dabei sind auch:<\/strong><br \/>\nCarie van Heden &nbsp;<span style=\"font-size: 10pt;\">(Gesang, Gitarre)<br \/>\n<\/span>Uwe Sommer &nbsp;<span style=\"font-size: 10pt;\">(Keyboards)<br \/>\n<span style=\"font-size: 12pt;\">David Kewitz<\/span> &nbsp;(Schlagzeug)<br \/>\n<span style=\"font-size: 12pt;\">Carsten Gro\u00dfe<\/span> (Gitarre)<br \/>\n<\/span><\/p>\n<p><strong>Vita<\/strong><br \/>\n2024 feierten wir ausgiebig 20 Jahre <strong>DIE OSSIS<\/strong>!<br \/>\n<strong>DIE OSSIS<\/strong> sind f\u00fcnf Musiker, die zum grossen Teil selbst die Zeit der DDR-Rockmusik der sp\u00e4ten 70-er und der gesamten 80-er Jahre k\u00fcnstlerisch aktiv miterlebten und in diversen DDR-Rockbands spielten. Zugegeben, der Bandname DIE OSSIS und das damalige B\u00fchnenoutfit mit FDJ-Hemd, Pionierbluse, Polizei- und Armee-Uniformen wirkte provokant, doch genau das war auch unser Ziel. Wir wollten Aufsehen erregen und wir haben es geschafft! Sp\u00e4ter kam die fantastische S\u00e4ngerin Carie van Heden dazu, mit der wir das Programm musikalisch extrem erweitern konnten!<br \/>\nIn den 20 Jahren spielten wir rund 600 Konzerte. Und wenn man bedenkt, dass wir von Anfang an nur zwischen Mai und Oktober aktiv waren und es noch sind, ist das schon beachtlich. H\u00f6hepunkte gab es viele. Zum Beispiel drei Konzerte am Brandenburger Tor zum &#8222;Tag der Deutschen Einheit&#8220; vor mehreren 100.000 Menschen! Eine gigantische Kulisse. Aber auch die grossen R-SA &#8211; Sommerfestivals auf der Hutberg-B\u00fchne in Kamenz mit jeweils rund 10.000 Zuschauern bleiben unvergessen. Gern spielten wir auch als Vorprogramm bekannter Bands wie Karat, City, der M\u00fcnchner Freiheit, Purple Schulz oder Ute Freudenberg und nat\u00fcrlich auch auf unz\u00e4hligen, grossen Stadt- und Gemeindefestb\u00fchnen, in Theatern, Kulturh\u00e4usern und Clubs dieser Republik.<br \/>\nSeit 2008 nennen wir unser Programm<strong> Ostrock Deluxe<\/strong> !<br \/>\nSeit dem gibt es auch die aktive Zusammenarbeit mit sehr bekannten S\u00e4ngern und Musikern der alten Ostrock- Szene. Die Liste reicht von Michael Barakowski (er ruhe in Frieden) \u00fcber IC Falkenberg, Dirk Z\u00f6llner &amp; Andr\u00e8 Gensicke, Tino Eisbrenner, G\u00fcnther Fischer, Werther Lohse, Dieter &#8222;Quaster&#8220; Hertrampf, Petra Zieger, Andre Herzberg, Veronika Fischer, Claudius Dreilich, Muck, Mike Kilian und Wolfgang Ziegler.<br \/>\nEin weiteres Highlight ist seit ca. 10 Jahren das <strong>Ostrock Deluxe Klassik <\/strong>&#8211; Programm mit dem Berlin String Ensemble. Der Gast erlebt eine kleine aber feine Variante von &lt;Rock meets Klassik&gt;, auf jeden Fall eine tolle Hommage an viele grosse Hits des Ostens von Veronika Fischer bis Dirk Michaelis in besonderem Gewand. Die Streicher-Arrangements stammen allesamt aus der Feder unseres leider viel zu fr\u00fch verstorbenen, langj\u00e4hrigen Bandmitgliedes und Freundes Carsten &#8222;beathoven&#8220; Mohren, dem ehemaligen Rockhaus- Keyboarder und Musikproduzenten.<\/p>\n<p>Viele sagen: &#8220; &#8230; nirgendwo anders erlebt der geneigte Zuschauer in geballter Form die bekannten Kult- Hits aus 30 Jahren DDR- Musikgeschichte so, wie bei den OSSIS&#8220;. Wir spielen und zelebrieren in unseren Konzerten ausschlie\u00dflich die Hits von Stern Mei\u00dfen, Karat, Puhdys, Silly, Rockhaus, City und den vielen, vielen anderen Ost- Rock- Bands und das nat\u00fcrlich live, versteht sich. Es sind wunderbare Songs&#8230; inhaltsstark, zeitlos, bekannt und geliebt &#8211; eben Kult- Hits.<\/p>\n<p>Ost- Rock war viel mehr als nur Unterhaltungsmusik, denn viele Songs k\u00fcndeten von Weltall, Erde und Mensch und \u00fcberbrachten zum Teil versteckte Botschaften. Andere wiederum beschrieben das allt\u00e4gliche Miteinander und haben bis heute nichts an Inhalt verloren. &#8222;Mich zu lieben&#8220; von Rockhaus beispielsweise ist aktueller denn je und nur ein Song von vielen.<br \/>\nMusikalisch vom damaligen Zeitgeist gepr\u00e4gt, war der Ost- Rock nicht nur einmalig, sondern blieb bis heute ein ganz eigener Kosmos. Er verbindet nicht nur die verschiedensten Musikstile, sondern Generationen! Um das zu unterstreichen, bieten wir 4 verschiedene Shows an. Mehr dazu unter Programme&#8230;<\/p>\n<p>Ein Konzert der <strong>OSSIS<\/strong>&nbsp;ist immer ein Erlebnis! Wenn Sie Ost- Rock m\u00f6gen oder gar lieben und mal wieder in Erinnerung schwelgend zuh\u00f6ren oder aber lauthals mitsingen und ab und an das Tanzbein schwingen wollen, dann sind Sie bei uns goldrichtig!<br \/>\nWo und wann man uns erleben kann, finden Sie auf <a href=\"https:\/\/dieossis.com\/?page_id=7\">Termine<\/a>.<\/p>\n","protected":false},"excerpt":{"rendered":"<p>DIE OSSIS sind: Heinz &#8222;Angel&#8220; Haberstroh (Schlagzeug, Gesang) Acki Noack &nbsp;(Gesang, Gitarre) Bert Eulitz &nbsp;(Bass, Gesang &amp; B\u00fcro) Thomas Glatzer (Keyboards) Till Paulmann &nbsp;(Gitarre, Gesang) Manchmal dabei sind auch: Carie van Heden &nbsp;(Gesang, Gitarre) Uwe Sommer &nbsp;(Keyboards) David Kewitz &nbsp;(Schlagzeug)<\/p>\n","protected":false},"author":1,"featured_media":0,"parent":0,"menu_order":0,"comment_status":"closed","ping_status":"closed","template":"","meta":{"ngg_post_thumbnail":0,"footnotes":""},"_links":{"self":[{"href":"https:\/\/dieossis.com\/index.php?rest_route=\/wp\/v2\/pages\/1021"}],"collection":[{"href":"https:\/\/dieossis.com\/index.php?rest_route=\/wp\/v2\/pages"}],"about":[{"href":"https:\/\/dieossis.com\/index.php?rest_route=\/wp\/v2\/types\/page"}],"author":[{"embeddable":true,"href":"https:\/\/dieossis.com\/index.php?rest_route=\/wp\/v2\/users\/1"}],"replies":[{"embeddable":true,"href":"https:\/\/dieossis.com\/index.php?rest_route=%2Fwp%2Fv2%2Fcomments&post=1021"}],"version-history":[{"count":76,"href":"https:\/\/dieossis.com\/index.php?rest_route=\/wp\/v2\/pages\/1021\/revisions"}],"predecessor-version":[{"id":2642,"href":"https:\/\/dieossis.com\/index.php?rest_route=\/wp\/v2\/pages\/1021\/revisions\/2642"}],"wp:attachment":[{"href":"https:\/\/dieossis.com\/index.php?rest_route=%2Fwp%2Fv2%2Fmedia&parent=1021"}],"curies":[{"name":"wp","href":"https:\/\/api.w.org\/{rel}","templated":true}]}}