{"id":111,"date":"2017-09-26T11:26:18","date_gmt":"2017-09-26T11:26:18","guid":{"rendered":"http:\/\/test.dieossis.com\/?page_id=111"},"modified":"2025-04-17T09:43:27","modified_gmt":"2025-04-17T09:43:27","slug":"die-projekte","status":"publish","type":"page","link":"https:\/\/dieossis.com\/?page_id=111","title":{"rendered":"Programme"},"content":{"rendered":"<p><strong><span style=\"color: #000000;\">Die Ossis kommen<br \/>\n<\/span><\/strong><span style=\"color: #000000;\">Dieses Motto ist seit mehr als 20 Jahren Programm, denn f\u00fcnf Berliner Musiker, die gr\u00f6sstenteils selbst seit Anfang der 80-er Jahre zur DDR-Musik-Szene (Rockhaus, Inflagranti, Inka, Frank Sch\u00f6bel, etc.) geh\u00f6rten, pr\u00e4sentieren in ihren Konzerten eine Auswahl der wohl bekanntesten und sch\u00f6nsten Ostrock- Kult- Hits von den Puhdys, Silly, Berluc, Lift, Renft, City, Rockhaus, Karat, Stern Meissen, Wir und vielen anderen DDR-Rockbands! Optional erweitern wir gern das Repertoire um viele, tolle Frauen-Songs und bringen unsere grandiose Gast-S\u00e4ngerin Carie van Heden mit. Und wem das allein noch nicht reicht, der setzt noch eins drauf und bucht das Programm Ostrock Deluxe.<br \/>\n<\/span><\/p>\n<p><span style=\"color: #000000;\"><span style=\"color: #000000;\"><strong>Ostrock Deluxe <\/strong><\/span><span style=\"color: #000000;\">ist ein Muss f\u00fcr alle, die nach etwas Besonderem suchen! <\/span><span style=\"color: #000000;\">Die Ossis laden sich Freunde ein, die auch Ihnen bekannt sein d\u00fcrften und begleiten sie live und in Farbe wie zu alten Zeiten. Da w\u00e4ren zum Beispiel: Wolfgang Ziegler (ex- WIR &amp; solo), IC Falkenberg (ex- Stern Meissen &amp; solo), Dieter &#8222;Quaster&#8220; Hertrampf (ex- Puhdys) oder auch Mike Kilian, der S\u00e4nger von Rockhaus. Jeder Gast singt seine bekanntesten Hits und ein gemeinsames, musikalisches Finale rundet das absolut einmalige, etwa 2,5 Stunden dauernde Konzerterlebnis ab! Ein grandioser Abend, stimmungsvoll, authentisch und vielf\u00e4ltig! Aber auch das war noch l\u00e4ngst nicht alles, denn&#8230;<\/span><br \/>\n<\/span><\/p>\n<p><span style=\"color: #000000;\"><strong>Ostrock Deluxe Klassik <\/strong><\/span><span style=\"color: #000000;\">ist eine zweist\u00fcndige &#8222;Rock meets Klassik&#8220;- Zeitreise mit Die Ossis und dem Berlin String Ensemble. <\/span><span style=\"color: #000000;\">Hinter diesem Namen verbirgt sich ein grossartiges Konzert mit vielen bekannten und wunderbar arrangierten Songs wie Veronika Fischer&#8217;s &#8222;Dass ich eine Schneeflocke w\u00e4r&#8220; oder &#8222;I.L.D.&#8220; von Rockhaus. Die vier Streicher\/innen des BSE spielen nicht nur zusammen, sondern auch solistisch sowohl national als auch international- egal ob in der Oper, im kleinen Club oder auf grossen Rock- und Festivalb\u00fchnen! Federf\u00fchrend f\u00fcr die Streicher- Arrangements war \u00fcbrigens unser leider viel zu fr\u00fch verstorbene Freund, Ossis-Gr\u00fcndungsmitglied und Rockhaus- Keyboarder Carsten &#8222;Beathoven&#8220; Mohren (1961- 2017). Auch hier k\u00f6nnen musikalische G\u00e4ste &#8211; siehe Ostrock Deluxe &#8211; eingebunden werden.<\/span><\/p>\n<p><span style=\"color: #000000;\"><strong>Die Ossis akustisch<br \/>\n<\/strong>Die Ossis spielen bekannte Ostrock- Kult- Hits unplugged. Mit kleinem &#8222;Besteck&#8220; und fast unverst\u00e4rkt werden die bekannten Klassiker auf das Wesentliche reduziert und stimmungsvoll interpretiert.<\/span><\/p>\n","protected":false},"excerpt":{"rendered":"<p>Die Ossis kommen Dieses Motto ist seit mehr als 20 Jahren Programm, denn f\u00fcnf Berliner Musiker, die gr\u00f6sstenteils selbst seit Anfang der 80-er Jahre zur DDR-Musik-Szene (Rockhaus, Inflagranti, Inka, Frank Sch\u00f6bel, etc.) geh\u00f6rten, pr\u00e4sentieren in ihren Konzerten eine Auswahl der<\/p>\n","protected":false},"author":1,"featured_media":0,"parent":0,"menu_order":0,"comment_status":"closed","ping_status":"closed","template":"","meta":{"ngg_post_thumbnail":0,"footnotes":""},"_links":{"self":[{"href":"https:\/\/dieossis.com\/index.php?rest_route=\/wp\/v2\/pages\/111"}],"collection":[{"href":"https:\/\/dieossis.com\/index.php?rest_route=\/wp\/v2\/pages"}],"about":[{"href":"https:\/\/dieossis.com\/index.php?rest_route=\/wp\/v2\/types\/page"}],"author":[{"embeddable":true,"href":"https:\/\/dieossis.com\/index.php?rest_route=\/wp\/v2\/users\/1"}],"replies":[{"embeddable":true,"href":"https:\/\/dieossis.com\/index.php?rest_route=%2Fwp%2Fv2%2Fcomments&post=111"}],"version-history":[{"count":35,"href":"https:\/\/dieossis.com\/index.php?rest_route=\/wp\/v2\/pages\/111\/revisions"}],"predecessor-version":[{"id":2547,"href":"https:\/\/dieossis.com\/index.php?rest_route=\/wp\/v2\/pages\/111\/revisions\/2547"}],"wp:attachment":[{"href":"https:\/\/dieossis.com\/index.php?rest_route=%2Fwp%2Fv2%2Fmedia&parent=111"}],"curies":[{"name":"wp","href":"https:\/\/api.w.org\/{rel}","templated":true}]}}