{"id":1184,"date":"2017-12-14T08:49:31","date_gmt":"2017-12-14T08:49:31","guid":{"rendered":"http:\/\/test.dieossis.com\/?page_id=1184"},"modified":"2017-12-14T08:51:56","modified_gmt":"2017-12-14T08:51:56","slug":"impressum","status":"publish","type":"page","link":"https:\/\/dieossis.com\/?page_id=1184","title":{"rendered":"Impressum"},"content":{"rendered":"<p class=\"paragraph_style_2\"><span class=\"style_4\">IMPRESSUM<br \/>\n<\/span><span class=\"style_5\">Die Ossis<br \/>\nc\/o Bert Eulitz &#8211; Kleiststrasse 17 &#8211; 16341 Panketal<br \/>\n<\/span><\/p>\n<p class=\"paragraph_style_3\"><span class=\"style_6\">HAFTUNGSHINWEIS:<br \/>\n<\/span><\/p>\n<p class=\"paragraph_style_4\"><span class=\"style_5\">Trotz sorgf\u00e4ltiger inhaltlicher Kontrolle \u00fcbernehmen wir keine Haftung f\u00fcr die Inhalte externer Links. F\u00fcr den Inhalt der verlinkten Seiten sind ausschlie\u00dflich deren Betreiber verantwortlich. Wir k\u00f6nnen daher auch keine Gew\u00e4hr f\u00fcr die Aktualit\u00e4t, Korrektheit, Vollst\u00e4ndigkeit oder Qualit\u00e4t der dort bereitgestellten Informationen \u00fcbernehmen. Vor diesem Hintergrund distanzieren wir uns hiermit von allen Inhalten dieser Seiten. Diese Erkl\u00e4rung gilt f\u00fcr alle auf unsere Internet-Seiten enthaltenen Links zu externen Seiten und deren Inhalte.<br \/>\n<\/span><\/p>\n<p class=\"paragraph_style_3\"><span class=\"style_6\">GEW\u00c4HRLEISTUNGSAUSSCHLUSS:<br \/>\n<\/span><\/p>\n<p class=\"paragraph_style_4\"><span class=\"style_5\">Der Betreiber beh\u00e4lt sich vor, jederzeit und ohne vorherige Ank\u00fcndigung Inhalte der Website zu verbessern, zu ver\u00e4ndern, oder ganz zu entfernen. Der Betreiber \u00fcbernimmt keinerlei Gew\u00e4hr f\u00fcr die Richtigkeit, Vollst\u00e4ndigkeit, Aktualit\u00e4t oder Qualit\u00e4t der angegebenen Informationen.<br \/>\n<\/span><\/p>\n<p class=\"paragraph_style_3\"><span class=\"style_6\">URHEBERRECHT:<br \/>\n<\/span><\/p>\n<p class=\"paragraph_style_4\"><span class=\"style_5\">Die Inhalte auf dieser Website sind urheberrechtlich gesch\u00fctzt. Alle Texte, Bilder, Graphiken, Video-, Audio- und Animationsdateien unterliegen dem Urheberrecht und anderen Gesetzen zum Schutz geistigen Eigentums. Sie d\u00fcrfen weder f\u00fcr Handelszwecke oder zur Weitergabe kopiert, noch ver\u00e4ndert und auf anderen Web-Sites verwendet werden. Einige Seiten von dieossis.com enthalten auch Material, die dem Urheberrecht derjenigen unterliegen, die diese zur Verf\u00fcgung gestellt haben.<\/span><\/p>\n","protected":false},"excerpt":{"rendered":"<p>IMPRESSUM Die Ossis c\/o Bert Eulitz &#8211; Kleiststrasse 17 &#8211; 16341 Panketal HAFTUNGSHINWEIS: Trotz sorgf\u00e4ltiger inhaltlicher Kontrolle \u00fcbernehmen wir keine Haftung f\u00fcr die Inhalte externer Links. F\u00fcr den Inhalt der verlinkten Seiten sind ausschlie\u00dflich deren Betreiber verantwortlich. Wir k\u00f6nnen daher<\/p>\n","protected":false},"author":1,"featured_media":0,"parent":0,"menu_order":0,"comment_status":"closed","ping_status":"closed","template":"","meta":{"ngg_post_thumbnail":0,"footnotes":""},"_links":{"self":[{"href":"https:\/\/dieossis.com\/index.php?rest_route=\/wp\/v2\/pages\/1184"}],"collection":[{"href":"https:\/\/dieossis.com\/index.php?rest_route=\/wp\/v2\/pages"}],"about":[{"href":"https:\/\/dieossis.com\/index.php?rest_route=\/wp\/v2\/types\/page"}],"author":[{"embeddable":true,"href":"https:\/\/dieossis.com\/index.php?rest_route=\/wp\/v2\/users\/1"}],"replies":[{"embeddable":true,"href":"https:\/\/dieossis.com\/index.php?rest_route=%2Fwp%2Fv2%2Fcomments&post=1184"}],"version-history":[{"count":2,"href":"https:\/\/dieossis.com\/index.php?rest_route=\/wp\/v2\/pages\/1184\/revisions"}],"predecessor-version":[{"id":1187,"href":"https:\/\/dieossis.com\/index.php?rest_route=\/wp\/v2\/pages\/1184\/revisions\/1187"}],"wp:attachment":[{"href":"https:\/\/dieossis.com\/index.php?rest_route=%2Fwp%2Fv2%2Fmedia&parent=1184"}],"curies":[{"name":"wp","href":"https:\/\/api.w.org\/{rel}","templated":true}]}}