{"id":19,"date":"2017-09-26T08:22:16","date_gmt":"2017-09-26T08:22:16","guid":{"rendered":"http:\/\/test.dieossis.com\/?page_id=19"},"modified":"2025-02-11T06:49:26","modified_gmt":"2025-02-11T06:49:26","slug":"kontakt","status":"publish","type":"page","link":"https:\/\/dieossis.com\/?page_id=19","title":{"rendered":"Kontakt"},"content":{"rendered":"<p>KONTAKT &amp; BOOKING<br \/>\n<span style=\"color: #ff0000;\">DIE OSSIS, OSTROCK DELUXE &amp; OSTROCK DELUXE KLASSIK<\/span><br \/>\n<span style=\"color: #000000;\"><strong>Bert Eulitz<\/strong><\/span> (Bass &amp; B\u00fcro)<br \/>\n<span style=\"color: #000000;\"><strong>Fon.<\/strong><\/span> 030 &#8211; 47 48 66 55<br \/>\n<span style=\"color: #000000;\"><strong>Funk.<\/strong><\/span> 0176 &#8211; 22 24 86 83<br \/>\n<span style=\"color: #000000;\"><strong>Mail.<\/strong><\/span> <a href=\"mailto:bassminister@t-online.de\" target=\"_blank\" rel=\"noopener\">bassminister@t-online.de<\/a><\/p>\n<p>KONTAKT AUCH \u00dcBER<br \/>\n<span style=\"color: #000000;\"><strong>Andr\u00e8 Wegener<\/strong><\/span><br \/>\nAgentur Sounds Promotion GmbH<br \/>\n<span style=\"color: #000000;\"><strong>Fon.<\/strong><\/span> 03385 &#8211; 50 37 31<br \/>\n<span style=\"color: #000000;\"><strong>Mail.<\/strong><\/span> <a href=\"mailto:mail@sounds-promotion.de\">mail@sounds-promotion.de<\/a><\/p>\n","protected":false},"excerpt":{"rendered":"<p>KONTAKT &amp; BOOKING DIE OSSIS, OSTROCK DELUXE &amp; OSTROCK DELUXE KLASSIK Bert Eulitz (Bass &amp; B\u00fcro) Fon. 030 &#8211; 47 48 66 55 Funk. 0176 &#8211; 22 24 86 83 Mail. bassminister@t-online.de KONTAKT AUCH \u00dcBER Andr\u00e8 Wegener Agentur Sounds Promotion<\/p>\n","protected":false},"author":1,"featured_media":0,"parent":0,"menu_order":0,"comment_status":"closed","ping_status":"closed","template":"","meta":{"ngg_post_thumbnail":0,"footnotes":""},"_links":{"self":[{"href":"https:\/\/dieossis.com\/index.php?rest_route=\/wp\/v2\/pages\/19"}],"collection":[{"href":"https:\/\/dieossis.com\/index.php?rest_route=\/wp\/v2\/pages"}],"about":[{"href":"https:\/\/dieossis.com\/index.php?rest_route=\/wp\/v2\/types\/page"}],"author":[{"embeddable":true,"href":"https:\/\/dieossis.com\/index.php?rest_route=\/wp\/v2\/users\/1"}],"replies":[{"embeddable":true,"href":"https:\/\/dieossis.com\/index.php?rest_route=%2Fwp%2Fv2%2Fcomments&post=19"}],"version-history":[{"count":23,"href":"https:\/\/dieossis.com\/index.php?rest_route=\/wp\/v2\/pages\/19\/revisions"}],"predecessor-version":[{"id":2530,"href":"https:\/\/dieossis.com\/index.php?rest_route=\/wp\/v2\/pages\/19\/revisions\/2530"}],"wp:attachment":[{"href":"https:\/\/dieossis.com\/index.php?rest_route=%2Fwp%2Fv2%2Fmedia&parent=19"}],"curies":[{"name":"wp","href":"https:\/\/api.w.org\/{rel}","templated":true}]}}